{"id":23,"date":"2017-05-08T16:22:03","date_gmt":"2017-05-08T14:22:03","guid":{"rendered":"http:\/\/ax02.com\/zitakdf\/?page_id=23"},"modified":"2017-05-26T00:04:17","modified_gmt":"2017-05-25T22:04:17","slug":"o-nama","status":"publish","type":"page","link":"https:\/\/zitak.hr\/en\/o-nama\/","title":{"rendered":"About us"},"content":{"rendered":"<p><\/p>\n<div id=\"pl-23\" class=\"panel-layout\">\n<div id=\"pg-23-0\" class=\"panel-grid panel-no-style\">\n<div id=\"pgc-23-0-0\" class=\"panel-grid-cell\" data-weight=\"1\">\n<div id=\"panel-23-0-0-0\" class=\"so-panel widget widget_sow-image panel-first-child\" data-index=\"0\" data-style=\"{&quot;background_display&quot;:&quot;tile&quot;}\"><img loading=\"lazy\" class=\"alignnone size-full wp-image-316\" src=\"http:\/\/ax02.com\/zitakdf\/wp-content\/uploads\/2017\/05\/zitak-fina-dalmata-zitak-07.jpg\" alt=\"\" width=\"2000\" height=\"1331\" srcset=\"https:\/\/zitak.hr\/wp-content\/uploads\/2017\/05\/zitak-fina-dalmata-zitak-07.jpg 2000w, https:\/\/zitak.hr\/wp-content\/uploads\/2017\/05\/zitak-fina-dalmata-zitak-07-300x200.jpg 300w, https:\/\/zitak.hr\/wp-content\/uploads\/2017\/05\/zitak-fina-dalmata-zitak-07-768x511.jpg 768w, https:\/\/zitak.hr\/wp-content\/uploads\/2017\/05\/zitak-fina-dalmata-zitak-07-1024x681.jpg 1024w, https:\/\/zitak.hr\/wp-content\/uploads\/2017\/05\/zitak-fina-dalmata-zitak-07-800x532.jpg 800w\" sizes=\"(max-width: 2000px) 100vw, 2000px\" \/><\/div>\n<div class=\"so-panel widget widget_sow-image panel-first-child\" data-index=\"0\" data-style=\"{&quot;background_display&quot;:&quot;tile&quot;}\">.<\/div>\n<div class=\"so-panel widget widget_sow-image panel-first-child\" data-index=\"0\" data-style=\"{&quot;background_display&quot;:&quot;tile&quot;}\"><\/div>\n<div id=\"panel-23-0-0-1\" class=\"so-panel widget widget_sow-editor panel-last-child\" data-index=\"1\" data-style=\"{&quot;background_display&quot;:&quot;tile&quot;}\">\n<div class=\"so-widget-sow-editor so-widget-sow-editor-base\">\n<div class=\"siteorigin-widget-tinymce textwidget\">\n<p><strong>Krapanj<\/strong> is the smallest and the lowest inhabited island in the Mediterranean. It is situated in the local waters of \u0160ibenik which has the most numerous island group on the Adriatic. The submarine world of that archipelago is abundant in diversities and resources of plant and animal world.<br \/>\nSponges and red corals are wide- spread on the rocky parts of the submarine.<\/p>\n<p>The island of Krapanj is known for sponge industry and diving.<br \/>\nThe trade started to develop 300 years ago.<\/p>\n<p><strong>\u017dITAK &#8211; FINA DLMATA d.o.o.<\/strong> is an island company of Juri\u0107 family which follows 300 years old tradition of sponge industry and diving. It protects the environmental values and cherishes the bond between man and submarine world.<\/p>\n<p>Sea sponges that \u017dITAK FINA DALMATA d.o.o. offers are picked in the submarine world of the Croatian Adriatic, are treated and made in a workshop on the island of Krapanj and therefore they are the real product of the Croatian island.<\/p>\n<p>The company was founded by Ivan- Roko Juri\u0107, (1956- 2002), and now it is represented by Divna Ga\u0161perov- Juri\u0107, the founder&#8217;s wife.<\/p>\n<div class='content-column one_half'><div style=\"padding-right:5px;padding-left:5px;\"><img loading=\"lazy\" class=\"aligncenter wp-image-563 size-large\" src=\"http:\/\/zitak.hr\/wp-content\/uploads\/2017\/05\/zitak-fina-dalmata-zitak-01-1024x841.jpg\" alt=\"\" width=\"1024\" height=\"841\" \/><\/div><\/div>\n<div class='content-column one_half last_column'><div style=\"padding-right:5px;padding-left:5px;\"><img loading=\"lazy\" class=\"aligncenter wp-image-570 size-large\" src=\"http:\/\/zitak.hr\/wp-content\/uploads\/2017\/05\/zitak-fina-dalmata-zitak-02-1-1024x821.jpg\" alt=\"\" width=\"1024\" height=\"821\" \/><\/div><\/div><div class='clear_column'><\/div>\n<div class='content-column one_half'><div style=\"padding-right:5px;padding-left:5px;\"><img loading=\"lazy\" class=\"aligncenter wp-image-572 size-large\" src=\"http:\/\/zitak.hr\/wp-content\/uploads\/2017\/05\/zitak-fina-dalmata-zitak-03-1-1024x753.jpg\" alt=\"\" width=\"1024\" height=\"753\" \/><\/div><\/div>\n<div class='content-column one_half last_column'><div style=\"padding-right:5px;padding-left:5px;\"><img loading=\"lazy\" class=\"aligncenter wp-image-573 size-large\" src=\"http:\/\/zitak.hr\/wp-content\/uploads\/2017\/05\/zitak-fina-dalmata-zitak-04-994x1024.jpg\" alt=\"\" width=\"994\" height=\"1024\" \/><\/div><\/div><div class='clear_column'><\/div>\n<\/div>\n<\/div>\n<\/div>\n<\/div>\n<\/div>\n<\/div>\n<p><\/p>","protected":false},"excerpt":{"rendered":"<p>. Krapanj is the smallest and the lowest inhabited island in the Mediterranean. It is situated in the local waters of \u0160ibenik which has the most numerous island group on the Adriatic. The submarine world of that archipelago is abundant in diversities and resources of plant and animal world. Sponges and red corals are wide- spread on the rocky parts<\/p>\n<p><a class=\"more-link\" href=\"https:\/\/zitak.hr\/en\/o-nama\/\">Read More<\/a><\/p>\n","protected":false},"author":1,"featured_media":0,"parent":0,"menu_order":0,"comment_status":"closed","ping_status":"closed","template":"","meta":[],"_links":{"self":[{"href":"https:\/\/zitak.hr\/en\/wp-json\/wp\/v2\/pages\/23"}],"collection":[{"href":"https:\/\/zitak.hr\/en\/wp-json\/wp\/v2\/pages"}],"about":[{"href":"https:\/\/zitak.hr\/en\/wp-json\/wp\/v2\/types\/page"}],"author":[{"embeddable":true,"href":"https:\/\/zitak.hr\/en\/wp-json\/wp\/v2\/users\/1"}],"replies":[{"embeddable":true,"href":"https:\/\/zitak.hr\/en\/wp-json\/wp\/v2\/comments?post=23"}],"version-history":[{"count":65,"href":"https:\/\/zitak.hr\/en\/wp-json\/wp\/v2\/pages\/23\/revisions"}],"predecessor-version":[{"id":588,"href":"https:\/\/zitak.hr\/en\/wp-json\/wp\/v2\/pages\/23\/revisions\/588"}],"wp:attachment":[{"href":"https:\/\/zitak.hr\/en\/wp-json\/wp\/v2\/media?parent=23"}],"curies":[{"name":"wp","href":"https:\/\/api.w.org\/{rel}","templated":true}]}}